{"id":649,"date":"2013-01-16T16:22:55","date_gmt":"2013-01-16T14:22:55","guid":{"rendered":"http:\/\/kunden.i-cue-medien.de\/www.mkvs.de\/en\/?page_id=649"},"modified":"2024-04-17T12:26:42","modified_gmt":"2024-04-17T10:26:42","slug":"imprint","status":"publish","type":"page","link":"https:\/\/www.mkvs.de\/en\/imprint\/","title":{"rendered":"Imprint"},"content":{"rendered":"<p><strong>MKVS GbR&nbsp;<\/strong><br \/>\nMarktplatz 9<br \/>\n85614 Kirchseeon bei M\u00fcnchen<br \/>\nDeutschland&nbsp;<\/p>\n<p>Tel.: <a href=\"tel:+498091533990\">08091 \/ 5399 &#8211; 0<\/a><br \/>\nFax: 08091 \/ 5399 &#8211; 20<br \/>\nE-Mail: <a href=\"mailto:contact@mkvs.de\">contact@mkvs.de<\/a>&nbsp;<\/p>\n<p>Vertretungsberechtigte Gesellschafter: Dipl. Kfm. Stephan Hinterwaldner, Dr. Luis Hinterwaldner&nbsp;<\/p>\n<p>Umsatzsteuer-Identifikationsnummer gem\u00e4\u00df \u00a7 27 a Umsatzsteuergesetz: DE249011774&nbsp;<\/p>\n<p>Plattform der EU-Kommission zur Online-Streitbeilegung:&nbsp;<a href=\"https:\/\/ec.europa.eu\/consumers\/odr\" target=\"_blank\" rel=\"noopener noreferrer\">https:\/\/ec.europa.eu\/consumers\/odr<\/a><\/p>\n<p>Wir sind zur Teilnahme an einem Streitbeilegungsverfahren vor einer Verbraucherschlichtungsstelle weder verpflichtet noch bereit.<\/p>\n<p>&nbsp;<\/p>\n<p>Konzept, Gestaltung und Programmierung der Internetseite:<br \/>\ni-cue medienproduktion GmbH &amp; Co. KG<br \/>\nWerbeagentur W\u00fcrzburg Internet | Print | Fotostudio<br \/>\n<a href=\"http:\/\/www.i-cue-medien.de\" target=\"_blank\" rel=\"noopener noreferrer\">i-cue-medien.de<\/a><\/p>\n<p>Bildquellen:<br \/>\n<a title=\"Sheraton M\u00fcnchen Arabellapark Hotel\" href=\"http:\/\/www.sheratonarabellapark.com\" target=\"_blank\" rel=\"noopener noreferrer\">Sheraton M\u00fcnchen Arabellapark Hotel<\/a><br \/>\n<a title=\"Tobias Tschepe\" href=\"http:\/\/tobiastschepe.wordpress.com\" target=\"_blank\" rel=\"noopener noreferrer\">Tobias Tschepe<\/a><br \/>\n<a title=\"fotolia.com\" href=\"http:\/\/www.fotolia.com\" target=\"_blank\" rel=\"noopener noreferrer\">fotolia.com<\/a><\/p>\n<p>Haftungshinweis:<br \/>\nTrotz sorgf\u00e4ltiger inhaltlicher Kontrolle \u00fcbernehmen wir keine Haftung f\u00fcr die Inhalte externer Links. F\u00fcr den Inhalt der verlinkten Seiten sind ausschlie\u00dflich deren Betreiber verantwortlich.<\/p>\n","protected":false},"excerpt":{"rendered":"<p>MKVS GbR&nbsp; Marktplatz 9 85614 Kirchseeon bei M\u00fcnchen Deutschland&nbsp; Tel.: 08091 \/ 5399 &#8211; 0 Fax: 08091 \/ 5399 &#8211; 20 E-Mail: contact@mkvs.de&nbsp; Vertretungsberechtigte Gesellschafter: Dipl. Kfm. Stephan Hinterwaldner, Dr. Luis Hinterwaldner&nbsp; Umsatzsteuer-Identifikationsnummer gem\u00e4\u00df \u00a7 27 a Umsatzsteuergesetz: DE249011774&nbsp; Plattform der EU-Kommission zur Online-Streitbeilegung:&nbsp;https:\/\/ec.europa.eu\/consumers\/odr Wir sind zur Teilnahme an einem Streitbeilegungsverfahren vor einer Verbraucherschlichtungsstelle weder<\/p>\n","protected":false},"author":1,"featured_media":0,"parent":0,"menu_order":0,"comment_status":"closed","ping_status":"closed","template":"template-default-custom.php","meta":{"ngg_post_thumbnail":0,"footnotes":""},"class_list":["post-649","page","type-page","status-publish","hentry"],"_links":{"self":[{"href":"https:\/\/www.mkvs.de\/en\/wp-json\/wp\/v2\/pages\/649","targetHints":{"allow":["GET"]}}],"collection":[{"href":"https:\/\/www.mkvs.de\/en\/wp-json\/wp\/v2\/pages"}],"about":[{"href":"https:\/\/www.mkvs.de\/en\/wp-json\/wp\/v2\/types\/page"}],"author":[{"embeddable":true,"href":"https:\/\/www.mkvs.de\/en\/wp-json\/wp\/v2\/users\/1"}],"replies":[{"embeddable":true,"href":"https:\/\/www.mkvs.de\/en\/wp-json\/wp\/v2\/comments?post=649"}],"version-history":[{"count":18,"href":"https:\/\/www.mkvs.de\/en\/wp-json\/wp\/v2\/pages\/649\/revisions"}],"predecessor-version":[{"id":5957,"href":"https:\/\/www.mkvs.de\/en\/wp-json\/wp\/v2\/pages\/649\/revisions\/5957"}],"wp:attachment":[{"href":"https:\/\/www.mkvs.de\/en\/wp-json\/wp\/v2\/media?parent=649"}],"curies":[{"name":"wp","href":"https:\/\/api.w.org\/{rel}","templated":true}]}}